{"id":2247,"date":"2020-07-27T15:15:59","date_gmt":"2020-07-27T13:15:59","guid":{"rendered":"https:\/\/protegetuspinyos.com\/?page_id=2247"},"modified":"2020-07-27T15:19:29","modified_gmt":"2020-07-27T13:19:29","slug":"indicaciones-bucales","status":"publish","type":"page","link":"https:\/\/protegetuspinyos.com\/eng\/indicaciones-bucales\/","title":{"rendered":"Indicaciones bucales"},"content":{"rendered":"<div data-elementor-type=\"wp-page\" data-elementor-id=\"2247\" class=\"elementor elementor-2247\" data-elementor-settings=\"[]\">\n\t\t\t<div class=\"elementor-inner\">\n\t\t\t\t<div class=\"elementor-section-wrap\">\n\t\t\t\t\t\t\t<section class=\"elementor-element elementor-element-3818aa7 elementor-section-boxed elementor-section-height-default elementor-section-height-default elementor-section elementor-top-section\" data-id=\"3818aa7\" data-element_type=\"section\">\n\t\t\t\t\t\t<div class=\"elementor-container elementor-column-gap-default\">\n\t\t\t\t<div class=\"elementor-row\">\n\t\t\t\t<div class=\"elementor-element elementor-element-04e79b1 elementor-column elementor-col-50 elementor-top-column\" data-id=\"04e79b1\" data-element_type=\"column\">\n\t\t\t<div class=\"elementor-column-wrap  elementor-element-populated\">\n\t\t\t\t\t<div class=\"elementor-widget-wrap\">\n\t\t\t\t<div class=\"elementor-element elementor-element-c04d5db elementor-aspect-ratio-169 elementor-widget elementor-widget-video\" data-id=\"c04d5db\" data-element_type=\"widget\" data-settings=\"{&quot;aspect_ratio&quot;:&quot;169&quot;}\" data-widget_type=\"video.default\">\n\t\t\t\t<div class=\"elementor-widget-container\">\n\t\t\t\t\t<div class=\"elementor-wrapper elementor-fit-aspect-ratio elementor-open-inline\">\n\t\t\t<iframe class=\"elementor-video-iframe\" allowfullscreen title=\"youtube Video Player\" src=\"https:\/\/www.youtube.com\/embed\/9a3JzY8Yo5c?feature=oembed&amp;start&amp;end&amp;wmode=opaque&amp;loop=0&amp;controls=1&amp;mute=0&amp;rel=0&amp;modestbranding=0\"><\/iframe>\t\t<\/div>\n\t\t\t\t<\/div>\n\t\t\t\t<\/div>\n\t\t\t\t\t\t<\/div>\n\t\t\t<\/div>\n\t\t<\/div>\n\t\t\t\t<div class=\"elementor-element elementor-element-892cfa6 elementor-column elementor-col-50 elementor-top-column\" data-id=\"892cfa6\" data-element_type=\"column\">\n\t\t\t<div class=\"elementor-column-wrap  elementor-element-populated\">\n\t\t\t\t\t<div class=\"elementor-widget-wrap\">\n\t\t\t\t<div class=\"elementor-element elementor-element-9030084 elementor-widget elementor-widget-heading\" data-id=\"9030084\" data-element_type=\"widget\" data-widget_type=\"heading.default\">\n\t\t\t\t<div class=\"elementor-widget-container\">\n\t\t\t<h2 class=\"elementor-heading-title elementor-size-default\">Indicaciones de uso bucales<\/h2>\t\t<\/div>\n\t\t\t\t<\/div>\n\t\t\t\t<div class=\"elementor-element elementor-element-18e1140 elementor-widget elementor-widget-text-editor\" data-id=\"18e1140\" data-element_type=\"widget\" data-widget_type=\"text-editor.default\">\n\t\t\t\t<div class=\"elementor-widget-container\">\n\t\t\t\t\t<div class=\"elementor-text-editor elementor-clearfix\"><p>En este v\u00eddeo explicativo, te ense\u00f1amos paso a paso como ajustar perfectamente el bucal <strong>Protege tus pi\u00f1os<\/strong> a tu dentadura.\u00a0\u00a0<\/p><\/div>\n\t\t\t\t<\/div>\n\t\t\t\t<\/div>\n\t\t\t\t\t\t<\/div>\n\t\t\t<\/div>\n\t\t<\/div>\n\t\t\t\t\t\t<\/div>\n\t\t\t<\/div>\n\t\t<\/section>\n\t\t\t\t\t\t<\/div>\n\t\t\t<\/div>\n\t\t<\/div>","protected":false},"excerpt":{"rendered":"<p>Indicaciones de uso bucales En este v\u00eddeo explicativo, te ense\u00f1amos paso a paso como ajustar perfectamente el bucal Protege tus pi\u00f1os a tu dentadura.\u00a0\u00a0<\/p>","protected":false},"author":1,"featured_media":0,"parent":0,"menu_order":0,"comment_status":"closed","ping_status":"closed","template":"","meta":[],"_links":{"self":[{"href":"https:\/\/protegetuspinyos.com\/eng\/wp-json\/wp\/v2\/pages\/2247"}],"collection":[{"href":"https:\/\/protegetuspinyos.com\/eng\/wp-json\/wp\/v2\/pages"}],"about":[{"href":"https:\/\/protegetuspinyos.com\/eng\/wp-json\/wp\/v2\/types\/page"}],"author":[{"embeddable":true,"href":"https:\/\/protegetuspinyos.com\/eng\/wp-json\/wp\/v2\/users\/1"}],"replies":[{"embeddable":true,"href":"https:\/\/protegetuspinyos.com\/eng\/wp-json\/wp\/v2\/comments?post=2247"}],"version-history":[{"count":5,"href":"https:\/\/protegetuspinyos.com\/eng\/wp-json\/wp\/v2\/pages\/2247\/revisions"}],"predecessor-version":[{"id":2254,"href":"https:\/\/protegetuspinyos.com\/eng\/wp-json\/wp\/v2\/pages\/2247\/revisions\/2254"}],"wp:attachment":[{"href":"https:\/\/protegetuspinyos.com\/eng\/wp-json\/wp\/v2\/media?parent=2247"}],"curies":[{"name":"wp","href":"https:\/\/api.w.org\/{rel}","templated":true}]}}