{"id":2084,"date":"2020-07-20T16:13:18","date_gmt":"2020-07-20T16:13:18","guid":{"rendered":"https:\/\/protegetuspinyos.com\/?page_id=2084"},"modified":"2020-07-23T08:50:23","modified_gmt":"2020-07-23T08:50:23","slug":"indicaciones-odontologos","status":"publish","type":"page","link":"https:\/\/protegetuspinyos.com\/eng\/indicaciones-odontologos\/","title":{"rendered":"Odont\u00f3logos"},"content":{"rendered":"<div data-elementor-type=\"wp-page\" data-elementor-id=\"2084\" class=\"elementor elementor-2084\" data-elementor-settings=\"[]\">\n\t\t\t<div class=\"elementor-inner\">\n\t\t\t\t<div class=\"elementor-section-wrap\">\n\t\t\t\t\t\t\t<section class=\"elementor-element elementor-element-9a01053 elementor-section-boxed elementor-section-height-default elementor-section-height-default elementor-section elementor-top-section\" data-id=\"9a01053\" data-element_type=\"section\">\n\t\t\t\t\t\t<div class=\"elementor-container elementor-column-gap-default\">\n\t\t\t\t<div class=\"elementor-row\">\n\t\t\t\t<div class=\"elementor-element elementor-element-63ab41c elementor-column elementor-col-50 elementor-top-column\" data-id=\"63ab41c\" data-element_type=\"column\">\n\t\t\t<div class=\"elementor-column-wrap  elementor-element-populated\">\n\t\t\t\t\t<div class=\"elementor-widget-wrap\">\n\t\t\t\t<div class=\"elementor-element elementor-element-ec94a44 elementor-widget elementor-widget-heading\" data-id=\"ec94a44\" data-element_type=\"widget\" data-widget_type=\"heading.default\">\n\t\t\t\t<div class=\"elementor-widget-container\">\n\t\t\t<h2 class=\"elementor-heading-title elementor-size-default\">Indicaciones para Odont\u00f3logos\n<\/h2>\t\t<\/div>\n\t\t\t\t<\/div>\n\t\t\t\t<div class=\"elementor-element elementor-element-755011e elementor-widget elementor-widget-text-editor\" data-id=\"755011e\" data-element_type=\"widget\" data-widget_type=\"text-editor.default\">\n\t\t\t\t<div class=\"elementor-widget-container\">\n\t\t\t\t\t<div class=\"elementor-text-editor elementor-clearfix\"><p>Los moldes se tienen que tomar tanto superior como inferior con\u00a0<span class=\"googie_link\">alginato<\/span>, vaciado en yeso.<br \/><br \/>Muy importante tiene que salir perfectamente el surco\u00a0<span class=\"googie_link\">vestibular<\/span>\u00a0en el modelo superior. Y un registro de mordida en cera.<br \/><br \/>(Indicaciones para Odont\u00f3logos) Puedes hacer clic en el v\u00eddeo que hay a continuaci\u00f3n para ver el paso a paso.<\/p><\/div>\n\t\t\t\t<\/div>\n\t\t\t\t<\/div>\n\t\t\t\t\t\t<\/div>\n\t\t\t<\/div>\n\t\t<\/div>\n\t\t\t\t<div class=\"elementor-element elementor-element-18364a8 elementor-column elementor-col-50 elementor-top-column\" data-id=\"18364a8\" data-element_type=\"column\">\n\t\t\t<div class=\"elementor-column-wrap  elementor-element-populated\">\n\t\t\t\t\t<div class=\"elementor-widget-wrap\">\n\t\t\t\t<div class=\"elementor-element elementor-element-2bdf394 elementor-aspect-ratio-169 elementor-widget elementor-widget-video\" data-id=\"2bdf394\" data-element_type=\"widget\" data-settings=\"{&quot;aspect_ratio&quot;:&quot;169&quot;}\" data-widget_type=\"video.default\">\n\t\t\t\t<div class=\"elementor-widget-container\">\n\t\t\t\t\t<div class=\"elementor-wrapper elementor-fit-aspect-ratio elementor-open-inline\">\n\t\t\t<iframe class=\"elementor-video-iframe\" allowfullscreen title=\"youtube Video Player\" src=\"https:\/\/www.youtube.com\/embed\/l_Zx215eDXQ?feature=oembed&amp;start&amp;end&amp;wmode=opaque&amp;loop=0&amp;controls=1&amp;mute=0&amp;rel=0&amp;modestbranding=0\"><\/iframe>\t\t<\/div>\n\t\t\t\t<\/div>\n\t\t\t\t<\/div>\n\t\t\t\t<section class=\"elementor-element elementor-element-8a4783b elementor-section-full_width elementor-section-height-default elementor-section-height-default elementor-section elementor-inner-section\" data-id=\"8a4783b\" data-element_type=\"section\">\n\t\t\t\t\t\t<div class=\"elementor-container elementor-column-gap-default\">\n\t\t\t\t<div class=\"elementor-row\">\n\t\t\t\t<div class=\"elementor-element elementor-element-66c116c elementor-column elementor-col-50 elementor-inner-column\" data-id=\"66c116c\" data-element_type=\"column\">\n\t\t\t<div class=\"elementor-column-wrap  elementor-element-populated\">\n\t\t\t\t\t<div class=\"elementor-widget-wrap\">\n\t\t\t\t<div class=\"elementor-element elementor-element-d2b2066 elementor-widget elementor-widget-image\" data-id=\"d2b2066\" data-element_type=\"widget\" data-widget_type=\"image.default\">\n\t\t\t\t<div class=\"elementor-widget-container\">\n\t\t\t\t\t<div class=\"elementor-image\">\n\t\t\t\t\t\t\t\t\t\t<img width=\"768\" height=\"1024\" src=\"https:\/\/protegetuspinyos.com\/wp-content\/uploads\/2020\/06\/detalle-moldes-odontologos-protege-tus-pi\u00f1os.jpeg\" class=\"attachment-medium_large size-medium_large\" alt=\"\" decoding=\"async\" loading=\"lazy\" srcset=\"https:\/\/protegetuspinyos.com\/wp-content\/uploads\/2020\/06\/detalle-moldes-odontologos-protege-tus-pi\u00f1os.jpeg 768w, https:\/\/protegetuspinyos.com\/wp-content\/uploads\/2020\/06\/detalle-moldes-odontologos-protege-tus-pi\u00f1os-225x300.jpeg 225w\" sizes=\"(max-width: 768px) 100vw, 768px\" \/>\t\t\t\t\t\t\t\t\t\t\t<\/div>\n\t\t\t\t<\/div>\n\t\t\t\t<\/div>\n\t\t\t\t\t\t<\/div>\n\t\t\t<\/div>\n\t\t<\/div>\n\t\t\t\t<div class=\"elementor-element elementor-element-807e34d elementor-column elementor-col-50 elementor-inner-column\" data-id=\"807e34d\" data-element_type=\"column\">\n\t\t\t<div class=\"elementor-column-wrap  elementor-element-populated\">\n\t\t\t\t\t<div class=\"elementor-widget-wrap\">\n\t\t\t\t<div class=\"elementor-element elementor-element-b965a8f elementor-widget elementor-widget-image\" data-id=\"b965a8f\" data-element_type=\"widget\" data-widget_type=\"image.default\">\n\t\t\t\t<div class=\"elementor-widget-container\">\n\t\t\t\t\t<div class=\"elementor-image\">\n\t\t\t\t\t\t\t\t\t\t<img width=\"768\" height=\"1024\" src=\"https:\/\/protegetuspinyos.com\/wp-content\/uploads\/2020\/06\/moldes-odontologos-protege-tus-pi\u00f1os.jpeg\" class=\"attachment-medium_large size-medium_large\" alt=\"\" decoding=\"async\" loading=\"lazy\" srcset=\"https:\/\/protegetuspinyos.com\/wp-content\/uploads\/2020\/06\/moldes-odontologos-protege-tus-pi\u00f1os.jpeg 768w, https:\/\/protegetuspinyos.com\/wp-content\/uploads\/2020\/06\/moldes-odontologos-protege-tus-pi\u00f1os-225x300.jpeg 225w\" sizes=\"(max-width: 768px) 100vw, 768px\" \/>\t\t\t\t\t\t\t\t\t\t\t<\/div>\n\t\t\t\t<\/div>\n\t\t\t\t<\/div>\n\t\t\t\t\t\t<\/div>\n\t\t\t<\/div>\n\t\t<\/div>\n\t\t\t\t\t\t<\/div>\n\t\t\t<\/div>\n\t\t<\/section>\n\t\t\t\t\t\t<\/div>\n\t\t\t<\/div>\n\t\t<\/div>\n\t\t\t\t\t\t<\/div>\n\t\t\t<\/div>\n\t\t<\/section>\n\t\t\t\t\t\t<\/div>\n\t\t\t<\/div>\n\t\t<\/div>","protected":false},"excerpt":{"rendered":"<p>Indicaciones para Odont\u00f3logos Los moldes se tienen que tomar tanto superior como inferior con\u00a0alginato, vaciado en yeso. Muy importante tiene que salir perfectamente el surco\u00a0vestibular\u00a0en el modelo superior. Y un registro de mordida en [&hellip;]<\/p>","protected":false},"author":1,"featured_media":0,"parent":0,"menu_order":0,"comment_status":"closed","ping_status":"closed","template":"","meta":[],"_links":{"self":[{"href":"https:\/\/protegetuspinyos.com\/eng\/wp-json\/wp\/v2\/pages\/2084"}],"collection":[{"href":"https:\/\/protegetuspinyos.com\/eng\/wp-json\/wp\/v2\/pages"}],"about":[{"href":"https:\/\/protegetuspinyos.com\/eng\/wp-json\/wp\/v2\/types\/page"}],"author":[{"embeddable":true,"href":"https:\/\/protegetuspinyos.com\/eng\/wp-json\/wp\/v2\/users\/1"}],"replies":[{"embeddable":true,"href":"https:\/\/protegetuspinyos.com\/eng\/wp-json\/wp\/v2\/comments?post=2084"}],"version-history":[{"count":14,"href":"https:\/\/protegetuspinyos.com\/eng\/wp-json\/wp\/v2\/pages\/2084\/revisions"}],"predecessor-version":[{"id":2160,"href":"https:\/\/protegetuspinyos.com\/eng\/wp-json\/wp\/v2\/pages\/2084\/revisions\/2160"}],"wp:attachment":[{"href":"https:\/\/protegetuspinyos.com\/eng\/wp-json\/wp\/v2\/media?parent=2084"}],"curies":[{"name":"wp","href":"https:\/\/api.w.org\/{rel}","templated":true}]}}