{"id":2,"date":"2020-03-25T19:35:52","date_gmt":"2020-03-25T19:35:52","guid":{"rendered":"http:\/\/protegetuspinyos.com\/?page_id=2"},"modified":"2020-05-22T14:16:15","modified_gmt":"2020-05-22T14:16:15","slug":"recomendador-de-bucales","status":"publish","type":"page","link":"https:\/\/protegetuspinyos.com\/eng\/recomendador-de-bucales\/","title":{"rendered":"\u00bfCu\u00e1l es el mejor protector bucal para mi?"},"content":{"rendered":"<div data-elementor-type=\"wp-page\" data-elementor-id=\"2\" class=\"elementor elementor-2\" data-elementor-settings=\"[]\">\n\t\t\t<div class=\"elementor-inner\">\n\t\t\t\t<div class=\"elementor-section-wrap\">\n\t\t\t\t\t\t\t<section class=\"elementor-element elementor-element-2f6e683 elementor-section-boxed elementor-section-height-default elementor-section-height-default elementor-section elementor-top-section\" data-id=\"2f6e683\" data-element_type=\"section\">\n\t\t\t\t\t\t<div class=\"elementor-container elementor-column-gap-default\">\n\t\t\t\t<div class=\"elementor-row\">\n\t\t\t\t<div class=\"elementor-element elementor-element-47958df elementor-column elementor-col-100 elementor-top-column\" data-id=\"47958df\" data-element_type=\"column\">\n\t\t\t<div class=\"elementor-column-wrap  elementor-element-populated\">\n\t\t\t\t\t<div class=\"elementor-widget-wrap\">\n\t\t\t\t<div class=\"elementor-element elementor-element-9fe415e elementor-widget elementor-widget-heading\" data-id=\"9fe415e\" data-element_type=\"widget\" data-widget_type=\"heading.default\">\n\t\t\t\t<div class=\"elementor-widget-container\">\n\t\t\t<div class=\"elementor-heading-title elementor-size-default\"><form\n\t\t\t\tid=\"forminator-module-1414\"\n\t\t\t\tclass=\"forminator-ui forminator-quiz forminator-quiz-1414 forminator-quiz--list forminator-design--default\"\n\t\t\t\taction=\"\"\n\t\t\t\tmethod=\"post\"\n\t\t\t\tdata-forminator-render=\"0\"\n\t\t\t\tdata-form-id=\"1414\"\n\t\t\t\tdata-quiz=\"knowledge\"\n\t\t\t\tdata-design=\"default\"\n\t\t\t\tdata-spacing=\"default\"\n\t\t\t\t\n\t\t\t\tdata-alignment=\"left\"\n\t\t\t\t\n\t\t\t\t\n\t\t\t\taria-live=\"polite\"\n\t\t\t\tstyle=\"display: none;\" data-trp-original-action=\"\"\n\t\t\t>\n\t\t\t\t\t<h3 class=\"forminator-quiz--title\">\u00bfCu\u00e1l es el mejor protector bucal para mi?<\/h3>\n\t\t\n\t\t\n\t\t\t\t\t<div class=\"forminator-quiz--description\"><p><span style=\"font-weight: 400\">Con este test podr\u00e1s saber r\u00e1pidamente cu\u00e1l es el mejor producto para tus necesidades.<\/span><\/p><\/div>\n\t\t\n\t\t\n\t\t<div\n\t\t\ttabindex=\"0\"\n\t\t\trole=\"radiogroup\"\n\t\t\tid=\"question-7058-4841\"\n\t\t\tclass=\"forminator-question\"\n\t\t\tdata-question-type=\"personality\"\n\t\t\taria-labelledby=\"question-7058-4841-label\"\n\t\t\taria-describedby=\"question-7058-4841-description\"\n\t\t\taria-required=\"true\"\n\t\t>\n\n\t\t\t<span id=\"question-7058-4841-label\" class=\"forminator-legend\">\u00bfQue tipo de deporte practicas?<\/span>\n\n\t\t\t\n\n\t\t\t\n\t\t\t\t\t<label for=\"question-7058-4841-0-69d07da6ef959\" class=\"forminator-answer forminator-only--text\">\n\n\t\t\t\t\t\t<input\n\t\t\t\t\t\t\ttype=\"radio\"\n\t\t\t\t\t\t\tname=\"answers[question-7058-4841]\"\n\t\t\t\t\t\t\tvalue=\"0\"\n\t\t\t\t\t\t\tid=\"question-7058-4841-0-69d07da6ef959\"\n\t\t\t\t\t\t\tclass=\"\"\n\t\t\t\t\t\t\/>\n\n\t\t\t\t\t\t<span class=\"forminator-answer--design\" for=\"question-7058-4841-0-69d07da6ef959\">\n\t\t\t\t\t\t\n\t\t\t\t\t\t<span class=\"forminator-answer--status\" aria-hidden=\"true\">\n\t\t\t\t\t\t\t<i class=\"forminator-icon-check\"><\/i>\n\t\t\t\t\t\t<\/span>\n\n\t\t\t\t\t\t\t\t\t\t\t\t\t<span class=\"forminator-answer--name\">A) Depende del momento<\/span>\n\t\t\t\t\t\t\n\t\t\t\t\t\t<\/span>\n\t\t\t\t\t<\/label>\n\n\t\t\t\t\n\t\t\t\t\t<label for=\"question-7058-4841-1-69d07da6ef959\" class=\"forminator-answer forminator-only--text\">\n\n\t\t\t\t\t\t<input\n\t\t\t\t\t\t\ttype=\"radio\"\n\t\t\t\t\t\t\tname=\"answers[question-7058-4841]\"\n\t\t\t\t\t\t\tvalue=\"1\"\n\t\t\t\t\t\t\tid=\"question-7058-4841-1-69d07da6ef959\"\n\t\t\t\t\t\t\tclass=\"\"\n\t\t\t\t\t\t\/>\n\n\t\t\t\t\t\t<span class=\"forminator-answer--design\" for=\"question-7058-4841-1-69d07da6ef959\">\n\t\t\t\t\t\t\n\t\t\t\t\t\t<span class=\"forminator-answer--status\" aria-hidden=\"true\">\n\t\t\t\t\t\t\t<i class=\"forminator-icon-check\"><\/i>\n\t\t\t\t\t\t<\/span>\n\n\t\t\t\t\t\t\t\t\t\t\t\t\t<span class=\"forminator-answer--name\">B) Individual<\/span>\n\t\t\t\t\t\t\n\t\t\t\t\t\t<\/span>\n\t\t\t\t\t<\/label>\n\n\t\t\t\t\n\t\t\t\t\t<label for=\"question-7058-4841-2-69d07da6ef959\" class=\"forminator-answer forminator-only--text\">\n\n\t\t\t\t\t\t<input\n\t\t\t\t\t\t\ttype=\"radio\"\n\t\t\t\t\t\t\tname=\"answers[question-7058-4841]\"\n\t\t\t\t\t\t\tvalue=\"2\"\n\t\t\t\t\t\t\tid=\"question-7058-4841-2-69d07da6ef959\"\n\t\t\t\t\t\t\tclass=\"\"\n\t\t\t\t\t\t\/>\n\n\t\t\t\t\t\t<span class=\"forminator-answer--design\" for=\"question-7058-4841-2-69d07da6ef959\">\n\t\t\t\t\t\t\n\t\t\t\t\t\t<span class=\"forminator-answer--status\" aria-hidden=\"true\">\n\t\t\t\t\t\t\t<i class=\"forminator-icon-check\"><\/i>\n\t\t\t\t\t\t<\/span>\n\n\t\t\t\t\t\t\t\t\t\t\t\t\t<span class=\"forminator-answer--name\">C) MMA<\/span>\n\t\t\t\t\t\t\n\t\t\t\t\t\t<\/span>\n\t\t\t\t\t<\/label>\n\n\t\t\t\t\n\t\t\t\t\t<label for=\"question-7058-4841-3-69d07da6ef959\" class=\"forminator-answer forminator-only--text\">\n\n\t\t\t\t\t\t<input\n\t\t\t\t\t\t\ttype=\"radio\"\n\t\t\t\t\t\t\tname=\"answers[question-7058-4841]\"\n\t\t\t\t\t\t\tvalue=\"3\"\n\t\t\t\t\t\t\tid=\"question-7058-4841-3-69d07da6ef959\"\n\t\t\t\t\t\t\tclass=\"\"\n\t\t\t\t\t\t\/>\n\n\t\t\t\t\t\t<span class=\"forminator-answer--design\" for=\"question-7058-4841-3-69d07da6ef959\">\n\t\t\t\t\t\t\n\t\t\t\t\t\t<span class=\"forminator-answer--status\" aria-hidden=\"true\">\n\t\t\t\t\t\t\t<i class=\"forminator-icon-check\"><\/i>\n\t\t\t\t\t\t<\/span>\n\n\t\t\t\t\t\t\t\t\t\t\t\t\t<span class=\"forminator-answer--name\">D) Equipo o contacto f\u00edsico<\/span>\n\t\t\t\t\t\t\n\t\t\t\t\t\t<\/span>\n\t\t\t\t\t<\/label>\n\n\t\t\t\t\n\t\t\t\t\t<label for=\"question-7058-4841-4-69d07da6ef959\" class=\"forminator-answer forminator-only--text\">\n\n\t\t\t\t\t\t<input\n\t\t\t\t\t\t\ttype=\"radio\"\n\t\t\t\t\t\t\tname=\"answers[question-7058-4841]\"\n\t\t\t\t\t\t\tvalue=\"4\"\n\t\t\t\t\t\t\tid=\"question-7058-4841-4-69d07da6ef959\"\n\t\t\t\t\t\t\tclass=\"\"\n\t\t\t\t\t\t\/>\n\n\t\t\t\t\t\t<span class=\"forminator-answer--design\" for=\"question-7058-4841-4-69d07da6ef959\">\n\t\t\t\t\t\t\n\t\t\t\t\t\t<span class=\"forminator-answer--status\" aria-hidden=\"true\">\n\t\t\t\t\t\t\t<i class=\"forminator-icon-check\"><\/i>\n\t\t\t\t\t\t<\/span>\n\n\t\t\t\t\t\t\t\t\t\t\t\t\t<span class=\"forminator-answer--name\">E) Contacto f\u00edsico extremo<\/span>\n\t\t\t\t\t\t\n\t\t\t\t\t\t<\/span>\n\t\t\t\t\t<\/label>\n\n\t\t\t\t\n\t\t<\/div>\n\n\t\t\n\t\t<div\n\t\t\ttabindex=\"0\"\n\t\t\trole=\"radiogroup\"\n\t\t\tid=\"question-5369-176\"\n\t\t\tclass=\"forminator-question\"\n\t\t\tdata-question-type=\"personality\"\n\t\t\taria-labelledby=\"question-5369-176-label\"\n\t\t\taria-describedby=\"question-5369-176-description\"\n\t\t\taria-required=\"true\"\n\t\t>\n\n\t\t\t<span id=\"question-5369-176-label\" class=\"forminator-legend\">\u00bfCada cu\u00e1nto entrenas?<\/span>\n\n\t\t\t\n\n\t\t\t\n\t\t\t\t\t<label for=\"question-5369-176-0-69d07da6ef9f8\" class=\"forminator-answer forminator-only--text\">\n\n\t\t\t\t\t\t<input\n\t\t\t\t\t\t\ttype=\"radio\"\n\t\t\t\t\t\t\tname=\"answers[question-5369-176]\"\n\t\t\t\t\t\t\tvalue=\"0\"\n\t\t\t\t\t\t\tid=\"question-5369-176-0-69d07da6ef9f8\"\n\t\t\t\t\t\t\tclass=\"\"\n\t\t\t\t\t\t\/>\n\n\t\t\t\t\t\t<span class=\"forminator-answer--design\" for=\"question-5369-176-0-69d07da6ef9f8\">\n\t\t\t\t\t\t\n\t\t\t\t\t\t<span class=\"forminator-answer--status\" aria-hidden=\"true\">\n\t\t\t\t\t\t\t<i class=\"forminator-icon-check\"><\/i>\n\t\t\t\t\t\t<\/span>\n\n\t\t\t\t\t\t\t\t\t\t\t\t\t<span class=\"forminator-answer--name\">A) De uvas a peras<\/span>\n\t\t\t\t\t\t\n\t\t\t\t\t\t<\/span>\n\t\t\t\t\t<\/label>\n\n\t\t\t\t\n\t\t\t\t\t<label for=\"question-5369-176-1-69d07da6ef9f8\" class=\"forminator-answer forminator-only--text\">\n\n\t\t\t\t\t\t<input\n\t\t\t\t\t\t\ttype=\"radio\"\n\t\t\t\t\t\t\tname=\"answers[question-5369-176]\"\n\t\t\t\t\t\t\tvalue=\"1\"\n\t\t\t\t\t\t\tid=\"question-5369-176-1-69d07da6ef9f8\"\n\t\t\t\t\t\t\tclass=\"\"\n\t\t\t\t\t\t\/>\n\n\t\t\t\t\t\t<span class=\"forminator-answer--design\" for=\"question-5369-176-1-69d07da6ef9f8\">\n\t\t\t\t\t\t\n\t\t\t\t\t\t<span class=\"forminator-answer--status\" aria-hidden=\"true\">\n\t\t\t\t\t\t\t<i class=\"forminator-icon-check\"><\/i>\n\t\t\t\t\t\t<\/span>\n\n\t\t\t\t\t\t\t\t\t\t\t\t\t<span class=\"forminator-answer--name\">B) Poquito, menos de lo que me gustar\u00eda<\/span>\n\t\t\t\t\t\t\n\t\t\t\t\t\t<\/span>\n\t\t\t\t\t<\/label>\n\n\t\t\t\t\n\t\t\t\t\t<label for=\"question-5369-176-2-69d07da6ef9f8\" class=\"forminator-answer forminator-only--text\">\n\n\t\t\t\t\t\t<input\n\t\t\t\t\t\t\ttype=\"radio\"\n\t\t\t\t\t\t\tname=\"answers[question-5369-176]\"\n\t\t\t\t\t\t\tvalue=\"2\"\n\t\t\t\t\t\t\tid=\"question-5369-176-2-69d07da6ef9f8\"\n\t\t\t\t\t\t\tclass=\"\"\n\t\t\t\t\t\t\/>\n\n\t\t\t\t\t\t<span class=\"forminator-answer--design\" for=\"question-5369-176-2-69d07da6ef9f8\">\n\t\t\t\t\t\t\n\t\t\t\t\t\t<span class=\"forminator-answer--status\" aria-hidden=\"true\">\n\t\t\t\t\t\t\t<i class=\"forminator-icon-check\"><\/i>\n\t\t\t\t\t\t<\/span>\n\n\t\t\t\t\t\t\t\t\t\t\t\t\t<span class=\"forminator-answer--name\">C) Todo lo que puedo, pero menos de lo que me gustar\u00eda<\/span>\n\t\t\t\t\t\t\n\t\t\t\t\t\t<\/span>\n\t\t\t\t\t<\/label>\n\n\t\t\t\t\n\t\t\t\t\t<label for=\"question-5369-176-3-69d07da6ef9f8\" class=\"forminator-answer forminator-only--text\">\n\n\t\t\t\t\t\t<input\n\t\t\t\t\t\t\ttype=\"radio\"\n\t\t\t\t\t\t\tname=\"answers[question-5369-176]\"\n\t\t\t\t\t\t\tvalue=\"3\"\n\t\t\t\t\t\t\tid=\"question-5369-176-3-69d07da6ef9f8\"\n\t\t\t\t\t\t\tclass=\"\"\n\t\t\t\t\t\t\/>\n\n\t\t\t\t\t\t<span class=\"forminator-answer--design\" for=\"question-5369-176-3-69d07da6ef9f8\">\n\t\t\t\t\t\t\n\t\t\t\t\t\t<span class=\"forminator-answer--status\" aria-hidden=\"true\">\n\t\t\t\t\t\t\t<i class=\"forminator-icon-check\"><\/i>\n\t\t\t\t\t\t<\/span>\n\n\t\t\t\t\t\t\t\t\t\t\t\t\t<span class=\"forminator-answer--name\">D) Tengo un horario fijo para entrenar con mis colegas<\/span>\n\t\t\t\t\t\t\n\t\t\t\t\t\t<\/span>\n\t\t\t\t\t<\/label>\n\n\t\t\t\t\n\t\t\t\t\t<label for=\"question-5369-176-4-69d07da6ef9f8\" class=\"forminator-answer forminator-only--text\">\n\n\t\t\t\t\t\t<input\n\t\t\t\t\t\t\ttype=\"radio\"\n\t\t\t\t\t\t\tname=\"answers[question-5369-176]\"\n\t\t\t\t\t\t\tvalue=\"4\"\n\t\t\t\t\t\t\tid=\"question-5369-176-4-69d07da6ef9f8\"\n\t\t\t\t\t\t\tclass=\"\"\n\t\t\t\t\t\t\/>\n\n\t\t\t\t\t\t<span class=\"forminator-answer--design\" for=\"question-5369-176-4-69d07da6ef9f8\">\n\t\t\t\t\t\t\n\t\t\t\t\t\t<span class=\"forminator-answer--status\" aria-hidden=\"true\">\n\t\t\t\t\t\t\t<i class=\"forminator-icon-check\"><\/i>\n\t\t\t\t\t\t<\/span>\n\n\t\t\t\t\t\t\t\t\t\t\t\t\t<span class=\"forminator-answer--name\">E) M\u00e1s de 3 horas al d\u00eda<\/span>\n\t\t\t\t\t\t\n\t\t\t\t\t\t<\/span>\n\t\t\t\t\t<\/label>\n\n\t\t\t\t\n\t\t<\/div>\n\n\t\t\n\t\t<div\n\t\t\ttabindex=\"0\"\n\t\t\trole=\"radiogroup\"\n\t\t\tid=\"question-9400-3891\"\n\t\t\tclass=\"forminator-question\"\n\t\t\tdata-question-type=\"personality\"\n\t\t\taria-labelledby=\"question-9400-3891-label\"\n\t\t\taria-describedby=\"question-9400-3891-description\"\n\t\t\taria-required=\"true\"\n\t\t>\n\n\t\t\t<span id=\"question-9400-3891-label\" class=\"forminator-legend\">\u00bfCu\u00e1nto dinero te quieres gastar?<\/span>\n\n\t\t\t\n\n\t\t\t\n\t\t\t\t\t<label for=\"question-9400-3891-0-69d07da6efa7d\" class=\"forminator-answer forminator-only--text\">\n\n\t\t\t\t\t\t<input\n\t\t\t\t\t\t\ttype=\"radio\"\n\t\t\t\t\t\t\tname=\"answers[question-9400-3891]\"\n\t\t\t\t\t\t\tvalue=\"0\"\n\t\t\t\t\t\t\tid=\"question-9400-3891-0-69d07da6efa7d\"\n\t\t\t\t\t\t\tclass=\"\"\n\t\t\t\t\t\t\/>\n\n\t\t\t\t\t\t<span class=\"forminator-answer--design\" for=\"question-9400-3891-0-69d07da6efa7d\">\n\t\t\t\t\t\t\n\t\t\t\t\t\t<span class=\"forminator-answer--status\" aria-hidden=\"true\">\n\t\t\t\t\t\t\t<i class=\"forminator-icon-check\"><\/i>\n\t\t\t\t\t\t<\/span>\n\n\t\t\t\t\t\t\t\t\t\t\t\t\t<span class=\"forminator-answer--name\">A) El m\u00ednimo posible para estar protegido<\/span>\n\t\t\t\t\t\t\n\t\t\t\t\t\t<\/span>\n\t\t\t\t\t<\/label>\n\n\t\t\t\t\n\t\t\t\t\t<label for=\"question-9400-3891-1-69d07da6efa7d\" class=\"forminator-answer forminator-only--text\">\n\n\t\t\t\t\t\t<input\n\t\t\t\t\t\t\ttype=\"radio\"\n\t\t\t\t\t\t\tname=\"answers[question-9400-3891]\"\n\t\t\t\t\t\t\tvalue=\"1\"\n\t\t\t\t\t\t\tid=\"question-9400-3891-1-69d07da6efa7d\"\n\t\t\t\t\t\t\tclass=\"\"\n\t\t\t\t\t\t\/>\n\n\t\t\t\t\t\t<span class=\"forminator-answer--design\" for=\"question-9400-3891-1-69d07da6efa7d\">\n\t\t\t\t\t\t\n\t\t\t\t\t\t<span class=\"forminator-answer--status\" aria-hidden=\"true\">\n\t\t\t\t\t\t\t<i class=\"forminator-icon-check\"><\/i>\n\t\t\t\t\t\t<\/span>\n\n\t\t\t\t\t\t\t\t\t\t\t\t\t<span class=\"forminator-answer--name\">B) Lo m\u00ednimo con un dise\u00f1o ya echo<\/span>\n\t\t\t\t\t\t\n\t\t\t\t\t\t<\/span>\n\t\t\t\t\t<\/label>\n\n\t\t\t\t\n\t\t\t\t\t<label for=\"question-9400-3891-2-69d07da6efa7d\" class=\"forminator-answer forminator-only--text\">\n\n\t\t\t\t\t\t<input\n\t\t\t\t\t\t\ttype=\"radio\"\n\t\t\t\t\t\t\tname=\"answers[question-9400-3891]\"\n\t\t\t\t\t\t\tvalue=\"2\"\n\t\t\t\t\t\t\tid=\"question-9400-3891-2-69d07da6efa7d\"\n\t\t\t\t\t\t\tclass=\"\"\n\t\t\t\t\t\t\/>\n\n\t\t\t\t\t\t<span class=\"forminator-answer--design\" for=\"question-9400-3891-2-69d07da6efa7d\">\n\t\t\t\t\t\t\n\t\t\t\t\t\t<span class=\"forminator-answer--status\" aria-hidden=\"true\">\n\t\t\t\t\t\t\t<i class=\"forminator-icon-check\"><\/i>\n\t\t\t\t\t\t<\/span>\n\n\t\t\t\t\t\t\t\t\t\t\t\t\t<span class=\"forminator-answer--name\">C) Ni mucho ni poco<\/span>\n\t\t\t\t\t\t\n\t\t\t\t\t\t<\/span>\n\t\t\t\t\t<\/label>\n\n\t\t\t\t\n\t\t\t\t\t<label for=\"question-9400-3891-3-69d07da6efa7d\" class=\"forminator-answer forminator-only--text\">\n\n\t\t\t\t\t\t<input\n\t\t\t\t\t\t\ttype=\"radio\"\n\t\t\t\t\t\t\tname=\"answers[question-9400-3891]\"\n\t\t\t\t\t\t\tvalue=\"3\"\n\t\t\t\t\t\t\tid=\"question-9400-3891-3-69d07da6efa7d\"\n\t\t\t\t\t\t\tclass=\"\"\n\t\t\t\t\t\t\/>\n\n\t\t\t\t\t\t<span class=\"forminator-answer--design\" for=\"question-9400-3891-3-69d07da6efa7d\">\n\t\t\t\t\t\t\n\t\t\t\t\t\t<span class=\"forminator-answer--status\" aria-hidden=\"true\">\n\t\t\t\t\t\t\t<i class=\"forminator-icon-check\"><\/i>\n\t\t\t\t\t\t<\/span>\n\n\t\t\t\t\t\t\t\t\t\t\t\t\t<span class=\"forminator-answer--name\">D) Lo necesario para dejarlo a mi gusto<\/span>\n\t\t\t\t\t\t\n\t\t\t\t\t\t<\/span>\n\t\t\t\t\t<\/label>\n\n\t\t\t\t\n\t\t\t\t\t<label for=\"question-9400-3891-4-69d07da6efa7d\" class=\"forminator-answer forminator-only--text\">\n\n\t\t\t\t\t\t<input\n\t\t\t\t\t\t\ttype=\"radio\"\n\t\t\t\t\t\t\tname=\"answers[question-9400-3891]\"\n\t\t\t\t\t\t\tvalue=\"4\"\n\t\t\t\t\t\t\tid=\"question-9400-3891-4-69d07da6efa7d\"\n\t\t\t\t\t\t\tclass=\"\"\n\t\t\t\t\t\t\/>\n\n\t\t\t\t\t\t<span class=\"forminator-answer--design\" for=\"question-9400-3891-4-69d07da6efa7d\">\n\t\t\t\t\t\t\n\t\t\t\t\t\t<span class=\"forminator-answer--status\" aria-hidden=\"true\">\n\t\t\t\t\t\t\t<i class=\"forminator-icon-check\"><\/i>\n\t\t\t\t\t\t<\/span>\n\n\t\t\t\t\t\t\t\t\t\t\t\t\t<span class=\"forminator-answer--name\">E) El dinero no es un problema<\/span>\n\t\t\t\t\t\t\n\t\t\t\t\t\t<\/span>\n\t\t\t\t\t<\/label>\n\n\t\t\t\t\n\t\t<\/div>\n\n\t\t\n\t\t<div\n\t\t\ttabindex=\"0\"\n\t\t\trole=\"radiogroup\"\n\t\t\tid=\"question-191-2634\"\n\t\t\tclass=\"forminator-question\"\n\t\t\tdata-question-type=\"personality\"\n\t\t\taria-labelledby=\"question-191-2634-label\"\n\t\t\taria-describedby=\"question-191-2634-description\"\n\t\t\taria-required=\"true\"\n\t\t>\n\n\t\t\t<span id=\"question-191-2634-label\" class=\"forminator-legend\">\u00bfQuieres personalizar tu bucal?<\/span>\n\n\t\t\t\n\n\t\t\t\n\t\t\t\t\t<label for=\"question-191-2634-0-69d07da6efb00\" class=\"forminator-answer forminator-only--text\">\n\n\t\t\t\t\t\t<input\n\t\t\t\t\t\t\ttype=\"radio\"\n\t\t\t\t\t\t\tname=\"answers[question-191-2634]\"\n\t\t\t\t\t\t\tvalue=\"0\"\n\t\t\t\t\t\t\tid=\"question-191-2634-0-69d07da6efb00\"\n\t\t\t\t\t\t\tclass=\"\"\n\t\t\t\t\t\t\/>\n\n\t\t\t\t\t\t<span class=\"forminator-answer--design\" for=\"question-191-2634-0-69d07da6efb00\">\n\t\t\t\t\t\t\n\t\t\t\t\t\t<span class=\"forminator-answer--status\" aria-hidden=\"true\">\n\t\t\t\t\t\t\t<i class=\"forminator-icon-check\"><\/i>\n\t\t\t\t\t\t<\/span>\n\n\t\t\t\t\t\t\t\t\t\t\t\t\t<span class=\"forminator-answer--name\">A) No<\/span>\n\t\t\t\t\t\t\n\t\t\t\t\t\t<\/span>\n\t\t\t\t\t<\/label>\n\n\t\t\t\t\n\t\t\t\t\t<label for=\"question-191-2634-1-69d07da6efb00\" class=\"forminator-answer forminator-only--text\">\n\n\t\t\t\t\t\t<input\n\t\t\t\t\t\t\ttype=\"radio\"\n\t\t\t\t\t\t\tname=\"answers[question-191-2634]\"\n\t\t\t\t\t\t\tvalue=\"1\"\n\t\t\t\t\t\t\tid=\"question-191-2634-1-69d07da6efb00\"\n\t\t\t\t\t\t\tclass=\"\"\n\t\t\t\t\t\t\/>\n\n\t\t\t\t\t\t<span class=\"forminator-answer--design\" for=\"question-191-2634-1-69d07da6efb00\">\n\t\t\t\t\t\t\n\t\t\t\t\t\t<span class=\"forminator-answer--status\" aria-hidden=\"true\">\n\t\t\t\t\t\t\t<i class=\"forminator-icon-check\"><\/i>\n\t\t\t\t\t\t<\/span>\n\n\t\t\t\t\t\t\t\t\t\t\t\t\t<span class=\"forminator-answer--name\">B) Prefiero que ya este hecho<\/span>\n\t\t\t\t\t\t\n\t\t\t\t\t\t<\/span>\n\t\t\t\t\t<\/label>\n\n\t\t\t\t\n\t\t\t\t\t<label for=\"question-191-2634-2-69d07da6efb00\" class=\"forminator-answer forminator-only--text\">\n\n\t\t\t\t\t\t<input\n\t\t\t\t\t\t\ttype=\"radio\"\n\t\t\t\t\t\t\tname=\"answers[question-191-2634]\"\n\t\t\t\t\t\t\tvalue=\"2\"\n\t\t\t\t\t\t\tid=\"question-191-2634-2-69d07da6efb00\"\n\t\t\t\t\t\t\tclass=\"\"\n\t\t\t\t\t\t\/>\n\n\t\t\t\t\t\t<span class=\"forminator-answer--design\" for=\"question-191-2634-2-69d07da6efb00\">\n\t\t\t\t\t\t\n\t\t\t\t\t\t<span class=\"forminator-answer--status\" aria-hidden=\"true\">\n\t\t\t\t\t\t\t<i class=\"forminator-icon-check\"><\/i>\n\t\t\t\t\t\t<\/span>\n\n\t\t\t\t\t\t\t\t\t\t\t\t\t<span class=\"forminator-answer--name\">C) Quiero algo que represente mi deporte<\/span>\n\t\t\t\t\t\t\n\t\t\t\t\t\t<\/span>\n\t\t\t\t\t<\/label>\n\n\t\t\t\t\n\t\t\t\t\t<label for=\"question-191-2634-3-69d07da6efb00\" class=\"forminator-answer forminator-only--text\">\n\n\t\t\t\t\t\t<input\n\t\t\t\t\t\t\ttype=\"radio\"\n\t\t\t\t\t\t\tname=\"answers[question-191-2634]\"\n\t\t\t\t\t\t\tvalue=\"3\"\n\t\t\t\t\t\t\tid=\"question-191-2634-3-69d07da6efb00\"\n\t\t\t\t\t\t\tclass=\"\"\n\t\t\t\t\t\t\/>\n\n\t\t\t\t\t\t<span class=\"forminator-answer--design\" for=\"question-191-2634-3-69d07da6efb00\">\n\t\t\t\t\t\t\n\t\t\t\t\t\t<span class=\"forminator-answer--status\" aria-hidden=\"true\">\n\t\t\t\t\t\t\t<i class=\"forminator-icon-check\"><\/i>\n\t\t\t\t\t\t<\/span>\n\n\t\t\t\t\t\t\t\t\t\t\t\t\t<span class=\"forminator-answer--name\">D) Quiero algo que represente los colores de mi equipo<\/span>\n\t\t\t\t\t\t\n\t\t\t\t\t\t<\/span>\n\t\t\t\t\t<\/label>\n\n\t\t\t\t\n\t\t\t\t\t<label for=\"question-191-2634-4-69d07da6efb00\" class=\"forminator-answer forminator-only--text\">\n\n\t\t\t\t\t\t<input\n\t\t\t\t\t\t\ttype=\"radio\"\n\t\t\t\t\t\t\tname=\"answers[question-191-2634]\"\n\t\t\t\t\t\t\tvalue=\"4\"\n\t\t\t\t\t\t\tid=\"question-191-2634-4-69d07da6efb00\"\n\t\t\t\t\t\t\tclass=\"\"\n\t\t\t\t\t\t\/>\n\n\t\t\t\t\t\t<span class=\"forminator-answer--design\" for=\"question-191-2634-4-69d07da6efb00\">\n\t\t\t\t\t\t\n\t\t\t\t\t\t<span class=\"forminator-answer--status\" aria-hidden=\"true\">\n\t\t\t\t\t\t\t<i class=\"forminator-icon-check\"><\/i>\n\t\t\t\t\t\t<\/span>\n\n\t\t\t\t\t\t\t\t\t\t\t\t\t<span class=\"forminator-answer--name\">E) S\u00ed lo quiero a medida, poder especificar detalles y estilo<\/span>\n\t\t\t\t\t\t\n\t\t\t\t\t\t<\/span>\n\t\t\t\t\t<\/label>\n\n\t\t\t\t\n\t\t<\/div>\n\n\t\t\n\t\t<div\n\t\t\ttabindex=\"0\"\n\t\t\trole=\"radiogroup\"\n\t\t\tid=\"question-6445-3090\"\n\t\t\tclass=\"forminator-question forminator-last\"\n\t\t\tdata-question-type=\"personality\"\n\t\t\taria-labelledby=\"question-6445-3090-label\"\n\t\t\taria-describedby=\"question-6445-3090-description\"\n\t\t\taria-required=\"true\"\n\t\t>\n\n\t\t\t<span id=\"question-6445-3090-label\" class=\"forminator-legend\">\u00bfLlevas brackets?<\/span>\n\n\t\t\t\n\n\t\t\t\n\t\t\t\t\t<label for=\"question-6445-3090-0-69d07da6efb92\" class=\"forminator-answer forminator-only--text\">\n\n\t\t\t\t\t\t<input\n\t\t\t\t\t\t\ttype=\"radio\"\n\t\t\t\t\t\t\tname=\"answers[question-6445-3090]\"\n\t\t\t\t\t\t\tvalue=\"0\"\n\t\t\t\t\t\t\tid=\"question-6445-3090-0-69d07da6efb92\"\n\t\t\t\t\t\t\tclass=\"\"\n\t\t\t\t\t\t\/>\n\n\t\t\t\t\t\t<span class=\"forminator-answer--design\" for=\"question-6445-3090-0-69d07da6efb92\">\n\t\t\t\t\t\t\n\t\t\t\t\t\t<span class=\"forminator-answer--status\" aria-hidden=\"true\">\n\t\t\t\t\t\t\t<i class=\"forminator-icon-check\"><\/i>\n\t\t\t\t\t\t<\/span>\n\n\t\t\t\t\t\t\t\t\t\t\t\t\t<span class=\"forminator-answer--name\">A) La verdad nunca me lo hab\u00eda planteado<\/span>\n\t\t\t\t\t\t\n\t\t\t\t\t\t<\/span>\n\t\t\t\t\t<\/label>\n\n\t\t\t\t\n\t\t\t\t\t<label for=\"question-6445-3090-1-69d07da6efb92\" class=\"forminator-answer forminator-only--text\">\n\n\t\t\t\t\t\t<input\n\t\t\t\t\t\t\ttype=\"radio\"\n\t\t\t\t\t\t\tname=\"answers[question-6445-3090]\"\n\t\t\t\t\t\t\tvalue=\"1\"\n\t\t\t\t\t\t\tid=\"question-6445-3090-1-69d07da6efb92\"\n\t\t\t\t\t\t\tclass=\"\"\n\t\t\t\t\t\t\/>\n\n\t\t\t\t\t\t<span class=\"forminator-answer--design\" for=\"question-6445-3090-1-69d07da6efb92\">\n\t\t\t\t\t\t\n\t\t\t\t\t\t<span class=\"forminator-answer--status\" aria-hidden=\"true\">\n\t\t\t\t\t\t\t<i class=\"forminator-icon-check\"><\/i>\n\t\t\t\t\t\t<\/span>\n\n\t\t\t\t\t\t\t\t\t\t\t\t\t<span class=\"forminator-answer--name\">B) Hab\u00eda llevado antes<\/span>\n\t\t\t\t\t\t\n\t\t\t\t\t\t<\/span>\n\t\t\t\t\t<\/label>\n\n\t\t\t\t\n\t\t\t\t\t<label for=\"question-6445-3090-2-69d07da6efb92\" class=\"forminator-answer forminator-only--text\">\n\n\t\t\t\t\t\t<input\n\t\t\t\t\t\t\ttype=\"radio\"\n\t\t\t\t\t\t\tname=\"answers[question-6445-3090]\"\n\t\t\t\t\t\t\tvalue=\"2\"\n\t\t\t\t\t\t\tid=\"question-6445-3090-2-69d07da6efb92\"\n\t\t\t\t\t\t\tclass=\"\"\n\t\t\t\t\t\t\/>\n\n\t\t\t\t\t\t<span class=\"forminator-answer--design\" for=\"question-6445-3090-2-69d07da6efb92\">\n\t\t\t\t\t\t\n\t\t\t\t\t\t<span class=\"forminator-answer--status\" aria-hidden=\"true\">\n\t\t\t\t\t\t\t<i class=\"forminator-icon-check\"><\/i>\n\t\t\t\t\t\t<\/span>\n\n\t\t\t\t\t\t\t\t\t\t\t\t\t<span class=\"forminator-answer--name\">C) No<\/span>\n\t\t\t\t\t\t\n\t\t\t\t\t\t<\/span>\n\t\t\t\t\t<\/label>\n\n\t\t\t\t\n\t\t\t\t\t<label for=\"question-6445-3090-3-69d07da6efb92\" class=\"forminator-answer forminator-only--text\">\n\n\t\t\t\t\t\t<input\n\t\t\t\t\t\t\ttype=\"radio\"\n\t\t\t\t\t\t\tname=\"answers[question-6445-3090]\"\n\t\t\t\t\t\t\tvalue=\"3\"\n\t\t\t\t\t\t\tid=\"question-6445-3090-3-69d07da6efb92\"\n\t\t\t\t\t\t\tclass=\"\"\n\t\t\t\t\t\t\/>\n\n\t\t\t\t\t\t<span class=\"forminator-answer--design\" for=\"question-6445-3090-3-69d07da6efb92\">\n\t\t\t\t\t\t\n\t\t\t\t\t\t<span class=\"forminator-answer--status\" aria-hidden=\"true\">\n\t\t\t\t\t\t\t<i class=\"forminator-icon-check\"><\/i>\n\t\t\t\t\t\t<\/span>\n\n\t\t\t\t\t\t\t\t\t\t\t\t\t<span class=\"forminator-answer--name\">D) De momento no, pero en un futuro quiz\u00e1s me gustar\u00eda<\/span>\n\t\t\t\t\t\t\n\t\t\t\t\t\t<\/span>\n\t\t\t\t\t<\/label>\n\n\t\t\t\t\n\t\t\t\t\t<label for=\"question-6445-3090-4-69d07da6efb92\" class=\"forminator-answer forminator-only--text\">\n\n\t\t\t\t\t\t<input\n\t\t\t\t\t\t\ttype=\"radio\"\n\t\t\t\t\t\t\tname=\"answers[question-6445-3090]\"\n\t\t\t\t\t\t\tvalue=\"4\"\n\t\t\t\t\t\t\tid=\"question-6445-3090-4-69d07da6efb92\"\n\t\t\t\t\t\t\tclass=\"\"\n\t\t\t\t\t\t\/>\n\n\t\t\t\t\t\t<span class=\"forminator-answer--design\" for=\"question-6445-3090-4-69d07da6efb92\">\n\t\t\t\t\t\t\n\t\t\t\t\t\t<span class=\"forminator-answer--status\" aria-hidden=\"true\">\n\t\t\t\t\t\t\t<i class=\"forminator-icon-check\"><\/i>\n\t\t\t\t\t\t<\/span>\n\n\t\t\t\t\t\t\t\t\t\t\t\t\t<span class=\"forminator-answer--name\">E) S\u00ed<\/span>\n\t\t\t\t\t\t\n\t\t\t\t\t\t<\/span>\n\t\t\t\t\t<\/label>\n\n\t\t\t\t\n\t\t<\/div>\n\n\t\t<input type=\"hidden\" name=\"referer_url\" value=\"\" \/><div class=\"forminator-quiz--result\"><button class=\"forminator-button forminator-button-submit btn-recomend\" data-loading=\"Calculando...\" >Saber resultado<\/button><\/div><input type=\"hidden\" id=\"forminator_nonce\" name=\"forminator_nonce\" value=\"122aa5fa2b\" \/><input type=\"hidden\" name=\"_wp_http_referer\" value=\"\/eng\/wp-json\/wp\/v2\/pages\/2\" \/><input type=\"hidden\" name=\"form_id\" value=\"1414\"><input type=\"hidden\" name=\"page_id\" value=\"2\"><input type=\"hidden\" name=\"current_url\" value=\"https:\/\/protegetuspinyos.com\/eng\/wp-json\/wp\/v2\/pages\/2\/\"><input type=\"hidden\" name=\"action\" value=\"forminator_submit_form_quizzes\" \/><input type=\"hidden\" name=\"trp-form-language\" value=\"eng\"\/><\/form><\/div>\t\t<\/div>\n\t\t\t\t<\/div>\n\t\t\t\t\t\t<\/div>\n\t\t\t<\/div>\n\t\t<\/div>\n\t\t\t\t\t\t<\/div>\n\t\t\t<\/div>\n\t\t<\/section>\n\t\t\t\t\t\t<\/div>\n\t\t\t<\/div>\n\t\t<\/div>","protected":false},"excerpt":{"rendered":"","protected":false},"author":1,"featured_media":0,"parent":0,"menu_order":0,"comment_status":"closed","ping_status":"closed","template":"","meta":[],"_links":{"self":[{"href":"https:\/\/protegetuspinyos.com\/eng\/wp-json\/wp\/v2\/pages\/2"}],"collection":[{"href":"https:\/\/protegetuspinyos.com\/eng\/wp-json\/wp\/v2\/pages"}],"about":[{"href":"https:\/\/protegetuspinyos.com\/eng\/wp-json\/wp\/v2\/types\/page"}],"author":[{"embeddable":true,"href":"https:\/\/protegetuspinyos.com\/eng\/wp-json\/wp\/v2\/users\/1"}],"replies":[{"embeddable":true,"href":"https:\/\/protegetuspinyos.com\/eng\/wp-json\/wp\/v2\/comments?post=2"}],"version-history":[{"count":0,"href":"https:\/\/protegetuspinyos.com\/eng\/wp-json\/wp\/v2\/pages\/2\/revisions"}],"wp:attachment":[{"href":"https:\/\/protegetuspinyos.com\/eng\/wp-json\/wp\/v2\/media?parent=2"}],"curies":[{"name":"wp","href":"https:\/\/api.w.org\/{rel}","templated":true}]}}