{"id":1872,"date":"2020-06-12T04:51:46","date_gmt":"2020-06-12T04:51:46","guid":{"rendered":"https:\/\/protegetuspinyos.com\/?page_id=1872"},"modified":"2020-07-23T08:10:15","modified_gmt":"2020-07-23T08:10:15","slug":"metodos-de-pago","status":"publish","type":"page","link":"https:\/\/protegetuspinyos.com\/eng\/metodos-de-pago\/","title":{"rendered":"Payment methods"},"content":{"rendered":"<div data-elementor-type=\"wp-page\" data-elementor-id=\"1872\" class=\"elementor elementor-1872\" data-elementor-settings=\"[]\">\n\t\t\t<div class=\"elementor-inner\">\n\t\t\t\t<div class=\"elementor-section-wrap\">\n\t\t\t\t\t\t\t<section class=\"elementor-element elementor-element-d28aa3e elementor-section-boxed elementor-section-height-default elementor-section-height-default elementor-section elementor-top-section\" data-id=\"d28aa3e\" data-element_type=\"section\">\n\t\t\t\t\t\t<div class=\"elementor-container elementor-column-gap-default\">\n\t\t\t\t<div class=\"elementor-row\">\n\t\t\t\t<div class=\"elementor-element elementor-element-795ddd8 elementor-column elementor-col-100 elementor-top-column\" data-id=\"795ddd8\" data-element_type=\"column\">\n\t\t\t<div class=\"elementor-column-wrap  elementor-element-populated\">\n\t\t\t\t\t<div class=\"elementor-widget-wrap\">\n\t\t\t\t<div class=\"elementor-element elementor-element-a01cfd0 elementor-view-framed elementor-position-left elementor-vertical-align-middle elementor-shape-circle elementor-widget elementor-widget-icon-box\" data-id=\"a01cfd0\" data-element_type=\"widget\" data-widget_type=\"icon-box.default\">\n\t\t\t\t<div class=\"elementor-widget-container\">\n\t\t\t\t\t<div class=\"elementor-icon-box-wrapper\">\n\t\t\t\t\t\t<div class=\"elementor-icon-box-icon\">\n\t\t\t\t<span class=\"elementor-icon elementor-animation-\" >\n\t\t\t\t<svg xmlns=\"http:\/\/www.w3.org\/2000\/svg\" xmlns:xlink=\"http:\/\/www.w3.org\/1999\/xlink\" id=\"Capa_1\" x=\"0px\" y=\"0px\" viewbox=\"0 0 500 600\" style=\"enable-background:new 0 0 500 600;\" xml:space=\"preserve\">\n<title>79 all<\/title>\n<g>\n\t<path d=\"M204.4,425.3h108.1c0.1,0,0.1,0,0.2,0c29.3,0,53.2-23.8,53.3-53.2v-67.6c0-18-8.9-34.5-23.6-44.3v-37.4   c0-46-37.5-83.5-83.5-83.5c-46,0-83.5,37.5-83.5,83.5v37.4c-14.7,9.8-23.7,26.3-23.6,44.3v67.5C151.8,401,175.4,424.9,204.4,425.3z    M194.1,372v-67.6c0-5.7,4.7-10.4,10.4-10.4l108.2,0c0,0,0.1,0,0.1,0c5.7,0,10.3,4.6,10.4,10.4V372c0,5.7-4.7,10.4-10.4,10.4H204.5   C198.8,382.4,194.1,377.8,194.1,372z M218.2,251.3v-28.5c0-22.2,18.1-40.4,40.3-40.6c22.3,0,40.5,18.2,40.5,40.6v28.5H218.2z\"><\/path>\n\t<path d=\"M258.5,372.4c18.3,0,33.3-14.9,33.3-33.3s-14.9-33.3-33.3-33.3s-33.3,14.9-33.3,33.3S240.2,372.4,258.5,372.4z\"><\/path>\n\t<path d=\"M493.6,133.3C408.3,102.4,328.3,59,255.8,4.4L250,0l-5.8,4.4C171.7,59,91.7,102.4,6.4,133.3L0,135.6l0,6.8   C0.7,281,27,384.7,80.4,459.3c43.4,61,98.7,95.9,152.3,129.7l17.3,11l17.4-11.1c53.5-33.8,108.7-68.7,152.2-129.7   c53.4-74.7,79.7-178.3,80.3-316.9l0-6.8L493.6,133.3z M456.8,165c-3.2,117.9-26.7,206-72,269.2c-37.4,52.5-86.6,84.5-134.7,114.9   c-48.1-30.4-97.4-62.4-134.8-114.8C70,371.2,46.5,283,43.2,165C116.5,136.5,186,99,250,53.4C314,99,383.5,136.5,456.8,165z\"><\/path>\n<\/g>\n<\/svg>\t\t\t\t<\/span>\n\t\t\t<\/div>\n\t\t\t\t\t\t<div class=\"elementor-icon-box-content\">\n\t\t\t\t<h2 class=\"elementor-icon-box-title\">\n\t\t\t\t\t<span >Pago seguro<\/span>\n\t\t\t\t<\/h2>\n\t\t\t\t\t\t\t\t<p class=\"elementor-icon-box-description\">En Protege tus Pi\u00f1os contamos con certificado SSL de navegaci\u00f3n segura y ofrecemos dos de los m\u00e9todos de pago m\u00e1s seguros en internet. Transferencia bancaria y pagar con tarjeta de cr\u00e9dito o d\u00e9bito. Para que se tramiten los pedidos con transferencia bancaria tenemos que recibir el comprobante de la misma.<\/p>\n\t\t\t\t\t\t\t<\/div>\n\t\t<\/div>\n\t\t\t\t<\/div>\n\t\t\t\t<\/div>\n\t\t\t\t<div class=\"elementor-element elementor-element-b1932c3 elementor-view-framed elementor-position-left elementor-vertical-align-middle elementor-shape-circle elementor-widget elementor-widget-icon-box\" data-id=\"b1932c3\" data-element_type=\"widget\" data-widget_type=\"icon-box.default\">\n\t\t\t\t<div class=\"elementor-widget-container\">\n\t\t\t\t\t<div class=\"elementor-icon-box-wrapper\">\n\t\t\t\t\t\t<div class=\"elementor-icon-box-icon\">\n\t\t\t\t<span class=\"elementor-icon elementor-animation-\" >\n\t\t\t\t<i aria-hidden=\"true\" class=\"dlicon business_bank\"><\/i>\t\t\t\t<\/span>\n\t\t\t<\/div>\n\t\t\t\t\t\t<div class=\"elementor-icon-box-content\">\n\t\t\t\t<h5 class=\"elementor-icon-box-title\">\n\t\t\t\t\t<span >Transferencia Bancaria directa BBVA<\/span>\n\t\t\t\t<\/h5>\n\t\t\t\t\t\t\t<\/div>\n\t\t<\/div>\n\t\t\t\t<\/div>\n\t\t\t\t<\/div>\n\t\t\t\t<div class=\"elementor-element elementor-element-522743a elementor-view-framed elementor-position-left elementor-vertical-align-middle elementor-shape-circle elementor-widget elementor-widget-icon-box\" data-id=\"522743a\" data-element_type=\"widget\" data-widget_type=\"icon-box.default\">\n\t\t\t\t<div class=\"elementor-widget-container\">\n\t\t\t\t\t<div class=\"elementor-icon-box-wrapper\">\n\t\t\t\t\t\t<div class=\"elementor-icon-box-icon\">\n\t\t\t\t<span class=\"elementor-icon elementor-animation-\" >\n\t\t\t\t<i aria-hidden=\"true\" class=\"dlicon shopping_credit-card\"><\/i>\t\t\t\t<\/span>\n\t\t\t<\/div>\n\t\t\t\t\t\t<div class=\"elementor-icon-box-content\">\n\t\t\t\t<h5 class=\"elementor-icon-box-title\">\n\t\t\t\t\t<span >Cobro mediante tarjeta de cr\u00e9dito y\/o d\u00e9bito VISA, Master Card y American Express<\/span>\n\t\t\t\t<\/h5>\n\t\t\t\t\t\t\t<\/div>\n\t\t<\/div>\n\t\t\t\t<\/div>\n\t\t\t\t<\/div>\n\t\t\t\t\t\t<\/div>\n\t\t\t<\/div>\n\t\t<\/div>\n\t\t\t\t\t\t<\/div>\n\t\t\t<\/div>\n\t\t<\/section>\n\t\t\t\t\t\t<\/div>\n\t\t\t<\/div>\n\t\t<\/div>","protected":false},"excerpt":{"rendered":"<p>79 all Pago seguro En Protege tus Pi\u00f1os contamos con certificado SSL de navegaci\u00f3n segura y ofrecemos dos de los m\u00e9todos de pago m\u00e1s seguros en internet. Transferencia bancaria y pagar con tarjeta de [&hellip;]<\/p>","protected":false},"author":1,"featured_media":0,"parent":0,"menu_order":0,"comment_status":"closed","ping_status":"closed","template":"","meta":[],"_links":{"self":[{"href":"https:\/\/protegetuspinyos.com\/eng\/wp-json\/wp\/v2\/pages\/1872"}],"collection":[{"href":"https:\/\/protegetuspinyos.com\/eng\/wp-json\/wp\/v2\/pages"}],"about":[{"href":"https:\/\/protegetuspinyos.com\/eng\/wp-json\/wp\/v2\/types\/page"}],"author":[{"embeddable":true,"href":"https:\/\/protegetuspinyos.com\/eng\/wp-json\/wp\/v2\/users\/1"}],"replies":[{"embeddable":true,"href":"https:\/\/protegetuspinyos.com\/eng\/wp-json\/wp\/v2\/comments?post=1872"}],"version-history":[{"count":5,"href":"https:\/\/protegetuspinyos.com\/eng\/wp-json\/wp\/v2\/pages\/1872\/revisions"}],"predecessor-version":[{"id":2150,"href":"https:\/\/protegetuspinyos.com\/eng\/wp-json\/wp\/v2\/pages\/1872\/revisions\/2150"}],"wp:attachment":[{"href":"https:\/\/protegetuspinyos.com\/eng\/wp-json\/wp\/v2\/media?parent=1872"}],"curies":[{"name":"wp","href":"https:\/\/api.w.org\/{rel}","templated":true}]}}