{"id":1801,"date":"2020-06-08T18:04:42","date_gmt":"2020-06-08T18:04:42","guid":{"rendered":"https:\/\/protegetuspinyos.com\/?page_id=1801"},"modified":"2020-07-23T08:08:35","modified_gmt":"2020-07-23T08:08:35","slug":"metodo-de-envio","status":"publish","type":"page","link":"https:\/\/protegetuspinyos.com\/eng\/metodo-de-envio\/","title":{"rendered":"Check the delivery conditions"},"content":{"rendered":"<div data-elementor-type=\"wp-page\" data-elementor-id=\"1801\" class=\"elementor elementor-1801\" data-elementor-settings=\"[]\">\n\t\t\t<div class=\"elementor-inner\">\n\t\t\t\t<div class=\"elementor-section-wrap\">\n\t\t\t\t\t\t\t<section class=\"elementor-element elementor-element-8f07f63 elementor-section-boxed elementor-section-height-default elementor-section-height-default elementor-section elementor-top-section\" data-id=\"8f07f63\" data-element_type=\"section\">\n\t\t\t\t\t\t<div class=\"elementor-container elementor-column-gap-default\">\n\t\t\t\t<div class=\"elementor-row\">\n\t\t\t\t<div class=\"elementor-element elementor-element-5a813e3 elementor-column elementor-col-100 elementor-top-column\" data-id=\"5a813e3\" data-element_type=\"column\">\n\t\t\t<div class=\"elementor-column-wrap  elementor-element-populated\">\n\t\t\t\t\t<div class=\"elementor-widget-wrap\">\n\t\t\t\t<div class=\"elementor-element elementor-element-8530362 elementor-view-framed elementor-position-left elementor-vertical-align-middle elementor-shape-circle elementor-widget elementor-widget-icon-box\" data-id=\"8530362\" data-element_type=\"widget\" data-widget_type=\"icon-box.default\">\n\t\t\t\t<div class=\"elementor-widget-container\">\n\t\t\t\t\t<div class=\"elementor-icon-box-wrapper\">\n\t\t\t\t\t\t<div class=\"elementor-icon-box-icon\">\n\t\t\t\t<span class=\"elementor-icon elementor-animation-\" >\n\t\t\t\t<i aria-hidden=\"true\" class=\"dlicon shopping_delivery\"><\/i>\t\t\t\t<\/span>\n\t\t\t<\/div>\n\t\t\t\t\t\t<div class=\"elementor-icon-box-content\">\n\t\t\t\t<h3 class=\"elementor-icon-box-title\">\n\t\t\t\t\t<span >Pen\u00ednsula Ib\u00e9rica (Espa\u00f1a, Andorra y Portugal) e Islas Baleares<\/span>\n\t\t\t\t<\/h3>\n\t\t\t\t\t\t\t\t<p class=\"elementor-icon-box-description\">El plazo de entrega es de 48\/72 horas. Los gastos de env\u00edo son a trav\u00e9s de MRW, y tienen un coste de 7 \u20ac<\/p>\n\t\t\t\t\t\t\t<\/div>\n\t\t<\/div>\n\t\t\t\t<\/div>\n\t\t\t\t<\/div>\n\t\t\t\t<div class=\"elementor-element elementor-element-637bf9e elementor-view-framed elementor-position-left elementor-vertical-align-middle elementor-shape-circle elementor-widget elementor-widget-icon-box\" data-id=\"637bf9e\" data-element_type=\"widget\" data-widget_type=\"icon-box.default\">\n\t\t\t\t<div class=\"elementor-widget-container\">\n\t\t\t\t\t<div class=\"elementor-icon-box-wrapper\">\n\t\t\t\t\t\t<div class=\"elementor-icon-box-icon\">\n\t\t\t\t<span class=\"elementor-icon elementor-animation-\" >\n\t\t\t\t<i aria-hidden=\"true\" class=\"dlicon travel_world\"><\/i>\t\t\t\t<\/span>\n\t\t\t<\/div>\n\t\t\t\t\t\t<div class=\"elementor-icon-box-content\">\n\t\t\t\t<h3 class=\"elementor-icon-box-title\">\n\t\t\t\t\t<span >Env\u00edos Internacionales<\/span>\n\t\t\t\t<\/h3>\n\t\t\t\t\t\t\t\t<p class=\"elementor-icon-box-description\">El plazo de entrega puede ir de 3 a 5 semanas aproximadamente. Este plazo puede venir condicionado por los despachos de aduanas.\n\nLos gastos de env\u00edo son a trav\u00e9s de MRW Internacional, y tienen un coste de 30 \u20ac <br>\n<br>\nDUA Importaci\u00f3n.\nDesde el 1 de julio de 2013, es obligatorio que todo env\u00edo internacional despache DUA de exportaci\u00f3n. Este tiene un coste fijo de 12,84\u20ac.&nbsp;M\u00e1s informaci\u00f3n en la p\u00e1gina de Correos.&nbsp;Este importe solo es a efectos del despacho de aduana en el momento de depositar el env\u00edo a Correos, sin perjuicio que pueda haber gastos en el momento de la recogida.<\/p>\n\t\t\t\t\t\t\t<\/div>\n\t\t<\/div>\n\t\t\t\t<\/div>\n\t\t\t\t<\/div>\n\t\t\t\t\t\t<\/div>\n\t\t\t<\/div>\n\t\t<\/div>\n\t\t\t\t\t\t<\/div>\n\t\t\t<\/div>\n\t\t<\/section>\n\t\t\t\t\t\t<\/div>\n\t\t\t<\/div>\n\t\t<\/div>","protected":false},"excerpt":{"rendered":"<p>Pen\u00ednsula Ib\u00e9rica (Espa\u00f1a, Andorra y Portugal) e Islas Baleares El plazo de entrega es de 48\/72 horas. Los gastos de env\u00edo son a trav\u00e9s de MRW, y tienen un coste de 7 \u20ac Env\u00edos [&hellip;]<\/p>","protected":false},"author":1,"featured_media":0,"parent":0,"menu_order":0,"comment_status":"closed","ping_status":"closed","template":"","meta":[],"_links":{"self":[{"href":"https:\/\/protegetuspinyos.com\/eng\/wp-json\/wp\/v2\/pages\/1801"}],"collection":[{"href":"https:\/\/protegetuspinyos.com\/eng\/wp-json\/wp\/v2\/pages"}],"about":[{"href":"https:\/\/protegetuspinyos.com\/eng\/wp-json\/wp\/v2\/types\/page"}],"author":[{"embeddable":true,"href":"https:\/\/protegetuspinyos.com\/eng\/wp-json\/wp\/v2\/users\/1"}],"replies":[{"embeddable":true,"href":"https:\/\/protegetuspinyos.com\/eng\/wp-json\/wp\/v2\/comments?post=1801"}],"version-history":[{"count":7,"href":"https:\/\/protegetuspinyos.com\/eng\/wp-json\/wp\/v2\/pages\/1801\/revisions"}],"predecessor-version":[{"id":2148,"href":"https:\/\/protegetuspinyos.com\/eng\/wp-json\/wp\/v2\/pages\/1801\/revisions\/2148"}],"wp:attachment":[{"href":"https:\/\/protegetuspinyos.com\/eng\/wp-json\/wp\/v2\/media?parent=1801"}],"curies":[{"name":"wp","href":"https:\/\/api.w.org\/{rel}","templated":true}]}}